{"id":133,"date":"2020-11-01T16:55:30","date_gmt":"2020-11-01T16:55:30","guid":{"rendered":"http:\/\/victoriagomez.es\/blog\/mi-cuenta\/"},"modified":"2023-08-30T12:38:49","modified_gmt":"2023-08-30T12:38:49","slug":"mi-cuenta","status":"publish","type":"page","link":"https:\/\/victoriagomez.es\/tienda\/mi-cuenta\/","title":{"rendered":"Mi cuenta"},"content":{"rendered":"\t\t<div data-elementor-type=\"wp-page\" data-elementor-id=\"133\" class=\"elementor elementor-133\">\n\t\t\t\t\t\t\t\t\t<section class=\"elementor-section elementor-top-section elementor-element elementor-element-3c5cc757 elementor-section-boxed elementor-section-height-default elementor-section-height-default\" data-id=\"3c5cc757\" data-element_type=\"section\">\n\t\t\t\t\t\t<div class=\"elementor-container elementor-column-gap-default\">\n\t\t\t\t\t<div class=\"elementor-column elementor-col-100 elementor-top-column elementor-element elementor-element-282d5733\" data-id=\"282d5733\" data-element_type=\"column\">\n\t\t\t<div class=\"elementor-widget-wrap elementor-element-populated\">\n\t\t\t\t\t\t\t\t<div class=\"elementor-element elementor-element-1cc6f6c0 elementor-widget elementor-widget-text-editor\" data-id=\"1cc6f6c0\" data-element_type=\"widget\" data-widget_type=\"text-editor.default\">\n\t\t\t\t<div class=\"elementor-widget-container\">\n\t\t\t\t\t\t\t<p><span style=\"color: #000000;\"><a style=\"box-sizing: inherit; background-color: #f2f2f2; transition-duration: 0.1s; outline: 0px; font-family: utile, sans-serif; font-size: 17px; color: #000000;\" href=\"https:\/\/help.ithemes.com\/hc\/en-us\/articles\/360050173653--subscription-details-?_ics=1693326282335&amp;irclickid=~cgkprumc8c-fgkadbciof89b95Z0WUXZSYQSUJKFyqig~6YQJIEv\" target=\"_blank\" rel=\"noreferrer noopener\">\n\n\t\n\t<form id=\"rcp_login_form\"  class=\"rcp_form\" method=\"POST\" action=\"https:\/\/victoriagomez.es\/tienda\/wp-json\/wp\/v2\/pages\/133\/\">\n\n\t\t\n\t\t<fieldset class=\"rcp_login_data\">\n\t\t\t<p>\n\t\t\t\t<label for=\"rcp_user_login\">Username or Email<\/label>\n\t\t\t\t<input name=\"rcp_user_login\" id=\"rcp_user_login\" class=\"required\" type=\"text\"\/>\n\t\t\t<\/p>\n\t\t\t<p>\n\t\t\t\t<label for=\"rcp_user_pass\">Contrase\u00f1a<\/label>\n\t\t\t\t<input name=\"rcp_user_pass\" id=\"rcp_user_pass\" class=\"required\" type=\"password\"\/>\n\t\t\t<\/p>\n\t\t\t\t\t\t<p>\n\t\t\t\t<input type=\"checkbox\" name=\"rcp_user_remember\" id=\"rcp_user_remember\" value=\"1\"\/>\n\t\t\t\t<label for=\"rcp_user_remember\">Recu\u00e9rdame<\/label>\n\t\t\t<\/p>\n\t\t\t<p class=\"rcp_lost_password\"><a href=\"\/tienda\/wp-json\/wp\/v2\/pages\/133?rcp_action=lostpassword\">\u00bfHas perdido tu contrase\u00f1a?<\/a><\/p>\n\t\t\t<p>\n\t\t\t\t<input type=\"hidden\" name=\"rcp_action\" value=\"login\"\/>\n\t\t\t\t\t\t\t\t\t<input type=\"hidden\" name=\"rcp_redirect\" value=\"https:\/\/victoriagomez.es\/tienda\/wp-json\/wp\/v2\/pages\/133\/\"\/>\n\t\t\t\t\t\t\t\t<input type=\"hidden\" name=\"rcp_login_nonce\" value=\"76cfae3262\"\/>\n\t\t\t\t<input id=\"rcp_login_submit\" class=\"rcp-button\" type=\"submit\" value=\"Login\"\/>\n\t\t\t<\/p>\n\t\t\t\t\t<\/fieldset>\n\n\t\t\n\t<\/form>\n<\/a><\/span><br \/><!-- \/wp:shortcode --><\/p>\t\t\t\t\t\t<\/div>\n\t\t\t\t<\/div>\n\t\t\t\t\t<\/div>\n\t\t<\/div>\n\t\t\t\t\t\t\t<\/div>\n\t\t<\/section>\n\t\t\t\t<section class=\"elementor-section elementor-top-section elementor-element elementor-element-52fb5f7 elementor-section-boxed elementor-section-height-default elementor-section-height-default\" data-id=\"52fb5f7\" data-element_type=\"section\">\n\t\t\t\t\t\t<div class=\"elementor-container elementor-column-gap-default\">\n\t\t\t\t\t<div class=\"elementor-column elementor-col-100 elementor-top-column elementor-element elementor-element-50bfa87\" data-id=\"50bfa87\" data-element_type=\"column\">\n\t\t\t<div class=\"elementor-widget-wrap elementor-element-populated\">\n\t\t\t\t\t\t\t\t<div class=\"elementor-element elementor-element-42a2a4f elementor-widget elementor-widget-text-editor\" data-id=\"42a2a4f\" data-element_type=\"widget\" data-widget_type=\"text-editor.default\">\n\t\t\t\t<div class=\"elementor-widget-container\">\n\t\t\t\t\t\t\t<p><span style=\"color: #808080;\">Si desea <strong>darse de baja<\/strong> en la suscripci\u00f3n de sus clases deber\u00e1 enviar un e-mail a <a href=\"mailto:victoriagomez.ceo@gmail.com\"><span style=\"text-decoration: underline;\"><em>victoriagomez.ceo@gmail.com<\/em><\/span><\/a> con su nombre, apellidos y direcci\u00f3n de correo, explicando la causa de la baja.\u00a0<\/span><\/p><p><span style=\"color: #808080;\"><strong>Importante<\/strong>: este e-mail se deber\u00e1 enviar, al menos, una semana antes del fin de su cuota, para poder proceder a la anulaci\u00f3n de su suscripci\u00f3n.<\/span><\/p>\t\t\t\t\t\t<\/div>\n\t\t\t\t<\/div>\n\t\t\t\t\t<\/div>\n\t\t<\/div>\n\t\t\t\t\t\t\t<\/div>\n\t\t<\/section>\n\t\t\t\t\t\t\t<\/div>\n\t\t","protected":false},"excerpt":{"rendered":"<p>Si desea darse de baja en la suscripci\u00f3n de sus clases deber\u00e1 enviar un e-mail a victoriagomez.ceo@gmail.com con su nombre, apellidos y direcci\u00f3n de correo, explicando la causa de la baja.\u00a0 Importante: este e-mail se deber\u00e1 enviar, al menos, una semana antes del fin de su cuota, para poder proceder a la anulaci\u00f3n de su &hellip;<\/p>\n<p class=\"read-more\"> <a class=\"\" href=\"https:\/\/victoriagomez.es\/tienda\/mi-cuenta\/\"> <span class=\"screen-reader-text\">Mi cuenta<\/span> Leer m\u00e1s &raquo;<\/a><\/p>\n","protected":false},"author":1,"featured_media":0,"parent":0,"menu_order":4,"comment_status":"closed","ping_status":"closed","template":"","meta":{"site-sidebar-layout":"default","site-content-layout":"","ast-site-content-layout":"","site-content-style":"default","site-sidebar-style":"default","ast-global-header-display":"","ast-banner-title-visibility":"","ast-main-header-display":"","ast-hfb-above-header-display":"","ast-hfb-below-header-display":"","ast-hfb-mobile-header-display":"","site-post-title":"","ast-breadcrumbs-content":"","ast-featured-img":"","footer-sml-layout":"","theme-transparent-header-meta":"","adv-header-id-meta":"","stick-header-meta":"","header-above-stick-meta":"","header-main-stick-meta":"","header-below-stick-meta":"","astra-migrate-meta-layouts":"","footnotes":""},"_links":{"self":[{"href":"https:\/\/victoriagomez.es\/tienda\/wp-json\/wp\/v2\/pages\/133"}],"collection":[{"href":"https:\/\/victoriagomez.es\/tienda\/wp-json\/wp\/v2\/pages"}],"about":[{"href":"https:\/\/victoriagomez.es\/tienda\/wp-json\/wp\/v2\/types\/page"}],"author":[{"embeddable":true,"href":"https:\/\/victoriagomez.es\/tienda\/wp-json\/wp\/v2\/users\/1"}],"replies":[{"embeddable":true,"href":"https:\/\/victoriagomez.es\/tienda\/wp-json\/wp\/v2\/comments?post=133"}],"version-history":[{"count":18,"href":"https:\/\/victoriagomez.es\/tienda\/wp-json\/wp\/v2\/pages\/133\/revisions"}],"predecessor-version":[{"id":2423,"href":"https:\/\/victoriagomez.es\/tienda\/wp-json\/wp\/v2\/pages\/133\/revisions\/2423"}],"wp:attachment":[{"href":"https:\/\/victoriagomez.es\/tienda\/wp-json\/wp\/v2\/media?parent=133"}],"curies":[{"name":"wp","href":"https:\/\/api.w.org\/{rel}","templated":true}]}}